{"id":51,"date":"2024-09-11T00:39:15","date_gmt":"2024-09-11T00:39:15","guid":{"rendered":"https:\/\/micaelladigenio.com\/?page_id=51"},"modified":"2024-10-03T11:44:40","modified_gmt":"2024-10-03T11:44:40","slug":"sobremi","status":"publish","type":"page","link":"https:\/\/micaelladigenio.com\/en\/","title":{"rendered":"About Me"},"content":{"rendered":"<div class=\"wp-block-media-text has-media-on-the-right is-stacked-on-mobile is-vertically-aligned-top\" style=\"grid-template-columns:auto 55%\"><div class=\"wp-block-media-text__content\">\n<p class=\"has-text-align-left\">For the last 8 years, after devoting almost a decade to language teaching (both Spanish and English), I've been working as a professional translator. At first, my corporate language students started requesting my translation servicesas, and what began as a one time job ended up becoming a new passion and personal challenge.<\/p>\n\n\n\n<p class=\"has-text-align-left\">I'm a Technical, Scientific and Literary Translator (EN-ES), and I've specialized in Subtitling as well as in Medical Translation. I also hold a Bachelor's Degree in International Relations from Universidad de la Rep\u00fablica Oriental del Uruguay, with experience in foreign trade.<\/p>\n\n\n\n<p class=\"has-text-align-left\">Every new translation is an opportunity to put my knowledge into practice and learn. It's something I devote to with responsibility, for my clients to be 100% satisfied.<\/p>\n\n\n\n<p class=\"has-text-align-left\">I am constantly learning and developing new skills, so I'm always attending workshops, conferences and courses to be able to provide new and better services to my clients.<\/p>\n\n\n\n<p class=\"has-text-align-left\"><\/p>\n\n\n\n<p class=\"has-text-align-left\"><\/p>\n<\/div><figure class=\"wp-block-media-text__media\"><img loading=\"lazy\" decoding=\"async\" width=\"831\" height=\"1024\" src=\"https:\/\/micaelladigenio.com\/wp-content\/uploads\/2024\/10\/WhatsApp-Image-2024-10-03-at-08.33.24-831x1024.jpeg\" alt=\"\" class=\"wp-image-68 size-full\" srcset=\"https:\/\/micaelladigenio.com\/wp-content\/uploads\/2024\/10\/WhatsApp-Image-2024-10-03-at-08.33.24-831x1024.jpeg 831w, https:\/\/micaelladigenio.com\/wp-content\/uploads\/2024\/10\/WhatsApp-Image-2024-10-03-at-08.33.24-244x300.jpeg 244w, https:\/\/micaelladigenio.com\/wp-content\/uploads\/2024\/10\/WhatsApp-Image-2024-10-03-at-08.33.24-768x946.jpeg 768w, https:\/\/micaelladigenio.com\/wp-content\/uploads\/2024\/10\/WhatsApp-Image-2024-10-03-at-08.33.24-10x12.jpeg 10w, https:\/\/micaelladigenio.com\/wp-content\/uploads\/2024\/10\/WhatsApp-Image-2024-10-03-at-08.33.24.jpeg 954w\" sizes=\"(max-width: 831px) 100vw, 831px\" \/><\/figure><\/div>\n\n\n\n<p class=\"has-text-align-left\"><\/p>","protected":false},"excerpt":{"rendered":"<p>En los \u00faltimos ocho a\u00f1os, luego de haberme dedicado por casi una d\u00e9cada a la ense\u00f1anza de idiomas (espa\u00f1ol e ingl\u00e9s), me he desarrollado profesionalmente como traductora. Inicialmente, mis clientes corporativos de ense\u00f1anza de idiomas comenzaron a requerir mis servicios de traducci\u00f3n, y lo que fue un trabajo puntual termin\u00f3 convirti\u00e9ndose en una nueva pasi\u00f3n &#8230; <a title=\"About Me\" class=\"read-more\" href=\"https:\/\/micaelladigenio.com\/en\/\" aria-label=\"Read more about Sobre m\u00ed\">Read more<\/a><\/p>","protected":false},"author":1,"featured_media":0,"parent":0,"menu_order":0,"comment_status":"closed","ping_status":"closed","template":"","meta":{"footnotes":""},"class_list":["post-51","page","type-page","status-publish"],"_links":{"self":[{"href":"https:\/\/micaelladigenio.com\/en\/wp-json\/wp\/v2\/pages\/51"}],"collection":[{"href":"https:\/\/micaelladigenio.com\/en\/wp-json\/wp\/v2\/pages"}],"about":[{"href":"https:\/\/micaelladigenio.com\/en\/wp-json\/wp\/v2\/types\/page"}],"author":[{"embeddable":true,"href":"https:\/\/micaelladigenio.com\/en\/wp-json\/wp\/v2\/users\/1"}],"replies":[{"embeddable":true,"href":"https:\/\/micaelladigenio.com\/en\/wp-json\/wp\/v2\/comments?post=51"}],"version-history":[{"count":4,"href":"https:\/\/micaelladigenio.com\/en\/wp-json\/wp\/v2\/pages\/51\/revisions"}],"predecessor-version":[{"id":70,"href":"https:\/\/micaelladigenio.com\/en\/wp-json\/wp\/v2\/pages\/51\/revisions\/70"}],"wp:attachment":[{"href":"https:\/\/micaelladigenio.com\/en\/wp-json\/wp\/v2\/media?parent=51"}],"curies":[{"name":"wp","href":"https:\/\/api.w.org\/{rel}","templated":true}]}}