{"id":56,"date":"2024-09-11T01:34:17","date_gmt":"2024-09-11T01:34:17","guid":{"rendered":"https:\/\/micaelladigenio.com\/?page_id=56"},"modified":"2025-05-16T13:04:58","modified_gmt":"2025-05-16T13:04:58","slug":"servicios","status":"publish","type":"page","link":"https:\/\/micaelladigenio.com\/en\/servicios\/","title":{"rendered":"Translation Services"},"content":{"rendered":"<div class=\"wp-block-group has-medium-font-size\"><div class=\"wp-block-group__inner-container is-layout-constrained wp-block-group-is-layout-constrained\">\n<div class=\"wp-block-group\"><div class=\"wp-block-group__inner-container is-layout-constrained wp-block-group-is-layout-constrained\">\n<div class=\"wp-block-group\"><div class=\"wp-block-group__inner-container is-layout-constrained wp-block-group-is-layout-constrained\">\n<div class=\"wp-block-group is-style-services-bg-hover has-border-color has-white-background-color has-background\" style=\"border-color:#0d173b14;border-width:1px;border-radius:12px;padding-top:32px;padding-right:32px;padding-bottom:32px;padding-left:32px\"><div class=\"wp-block-group__inner-container is-layout-constrained wp-container-core-group-is-layout-1 wp-block-group-is-layout-constrained\">\n<h3 class=\"wp-block-heading has-heading-color has-text-color has-medium-large-font-size\" style=\"margin-top:30px;margin-right:0;margin-bottom:0;margin-left:0;line-height:1.7\">Medical Translation<\/h3>\n\n\n\n<p>Translation of prospects, protocols, clinical trials, informed consent forms, health information brochures, medical release records, etc.<\/p>\n\n\n\n<h3 class=\"wp-block-heading has-heading-color has-text-color has-medium-large-font-size\" style=\"margin-top:30px;margin-right:0;margin-bottom:0;margin-left:0;line-height:1.7\">Marketing and Advertising<\/h3>\n\n\n\n<p>Translation of graphic material, brochures, presentations, scripts for corporate videos, and advertising content for your company to reach new markets.<\/p>\n\n\n\n<h3 class=\"wp-block-heading has-heading-color has-text-color has-medium-large-font-size\" style=\"margin-top:30px;margin-right:0;margin-bottom:0;margin-left:0;line-height:1.7\">Website and blog Content<\/h3>\n\n\n\n<p style=\"margin-top:16px;margin-right:0;margin-bottom:0px;margin-left:0;line-height:1.9\">Translation of websites and corporate, personal or other type of blogs.<\/p>\n\n\n\n<h3 class=\"wp-block-heading has-heading-color has-text-color has-medium-large-font-size\" style=\"margin-top:30px;margin-right:0;margin-bottom:0;margin-left:0;line-height:1.7\"><em>Papers<\/em> and academic documents<\/h3>\n\n\n\n<p style=\"margin-top:16px;margin-right:0;margin-bottom:0px;margin-left:0;line-height:1.9\">Translation of <em>papers,<\/em> essays, research articles and any type of document with scientific or academic content.<\/p>\n\n\n\n<h3 class=\"wp-block-heading has-heading-color has-text-color has-medium-large-font-size\" style=\"margin-top:30px;margin-right:0;margin-bottom:0;margin-left:0;line-height:1.7\">Subtitling<\/h3>\n\n\n\n<p style=\"margin-top:16px;margin-right:0;margin-bottom:0px;margin-left:0;line-height:1.9\">Subtitling of movies, TV shows, commercials, corporate or educational videos, etc.<\/p>\n\n\n\n<h3 class=\"wp-block-heading has-heading-color has-text-color has-medium-large-font-size\" style=\"margin-top:30px;margin-right:0;margin-bottom:0;margin-left:0;line-height:1.7\">Education and Educational Platforms<\/h3>\n\n\n\n<p style=\"margin-top:16px;margin-right:0;margin-bottom:0px;margin-left:0;line-height:1.9\">Translation of websites, educational platforms and educational content (class lessons, mobile apps for learning, manuals, etc).<\/p>\n\n\n\n<h3 class=\"wp-block-heading has-heading-color has-text-color has-medium-large-font-size\" style=\"margin-top:30px;margin-right:0;margin-bottom:0;margin-left:0;line-height:1.7\">Other Translation Services<\/h3>\n\n\n\n<p style=\"margin-top:16px;margin-right:0;margin-bottom:0px;margin-left:0;line-height:1.9\">Let me know about your translation needs and we can discuss how I can help you.<\/p>\n<\/div><\/div>\n<\/div><\/div>\n<\/div><\/div>\n\n\n\n<p><\/p>\n<\/div><\/div>","protected":false},"excerpt":{"rendered":"<p>Traducci\u00f3n M\u00e9dica Traducci\u00f3n de prospectos, protocolos y ensayos cl\u00ednicos, formularios de consentimiento informado, material de divulgaci\u00f3n sobre la salud, informes de alta m\u00e9dica, etc. Material Publicitario Traducci\u00f3n de material gr\u00e1fico, folletos, presentaciones, guiones para videos empresariales, y todo contenido publicitario para que tu empresa pueda llegar a nuevos mercados. Contenidos para webs y blogs Traducci\u00f3n &#8230; <a title=\"Translation Services\" class=\"read-more\" href=\"https:\/\/micaelladigenio.com\/en\/servicios\/\" aria-label=\"Read more about Servicios de traducci\u00f3n\">Read more<\/a><\/p>","protected":false},"author":1,"featured_media":0,"parent":0,"menu_order":0,"comment_status":"closed","ping_status":"closed","template":"","meta":{"footnotes":""},"class_list":["post-56","page","type-page","status-publish"],"_links":{"self":[{"href":"https:\/\/micaelladigenio.com\/en\/wp-json\/wp\/v2\/pages\/56"}],"collection":[{"href":"https:\/\/micaelladigenio.com\/en\/wp-json\/wp\/v2\/pages"}],"about":[{"href":"https:\/\/micaelladigenio.com\/en\/wp-json\/wp\/v2\/types\/page"}],"author":[{"embeddable":true,"href":"https:\/\/micaelladigenio.com\/en\/wp-json\/wp\/v2\/users\/1"}],"replies":[{"embeddable":true,"href":"https:\/\/micaelladigenio.com\/en\/wp-json\/wp\/v2\/comments?post=56"}],"version-history":[{"count":4,"href":"https:\/\/micaelladigenio.com\/en\/wp-json\/wp\/v2\/pages\/56\/revisions"}],"predecessor-version":[{"id":163,"href":"https:\/\/micaelladigenio.com\/en\/wp-json\/wp\/v2\/pages\/56\/revisions\/163"}],"wp:attachment":[{"href":"https:\/\/micaelladigenio.com\/en\/wp-json\/wp\/v2\/media?parent=56"}],"curies":[{"name":"wp","href":"https:\/\/api.w.org\/{rel}","templated":true}]}}